{"id":33,"date":"2023-01-27T22:27:47","date_gmt":"2023-01-27T22:27:47","guid":{"rendered":"http:\/\/mizuco.hr\/?page_id=33"},"modified":"2023-03-09T14:11:34","modified_gmt":"2023-03-09T14:11:34","slug":"ventilska-tehnika","status":"publish","type":"page","link":"https:\/\/mizuco.hr\/index.php\/ventilska-tehnika\/","title":{"rendered":"Ventilska tehnika"},"content":{"rendered":"<section class=\"wpb-content-wrapper\"><p>[vc_row][vc_column]\n\t\t\t<!-- START ZU 2 REVOLUTION SLIDER 6.6.10 --><p class=\"rs-p-wp-fix\"><\/p>\n\t\t\t<rs-module-wrap id=\"rev_slider_8_1_wrapper\" data-source=\"gallery\" style=\"visibility:hidden;background:transparent;padding:0;margin:0px auto;margin-top:0;margin-bottom:0;\">\n\t\t\t\t<rs-module id=\"rev_slider_8_1\" style=\"\" data-version=\"6.6.10\">\n\t\t\t\t\t<rs-slides style=\"overflow: hidden; position: absolute;\">\n\t\t\t\t\t\t<rs-slide style=\"position: absolute;\" data-key=\"rs-8\" data-title=\"Slide\" data-in=\"o:0;\" data-out=\"a:false;\">\n\t\t\t\t\t\t\t<img src=\"\/\/mizuco.hr\/wp-content\/plugins\/revslider\/public\/assets\/assets\/dummy.png\" alt=\"Slide\" title=\"Ventilska tehnika\" class=\"rev-slidebg tp-rs-img rs-lazyload\" data-lazyload=\"\/\/mizuco.hr\/wp-content\/plugins\/revslider\/public\/assets\/assets\/transparent.png\" data-no-retina>\n<!--\n\t\t\t\t\t\t\t--><rs-layer\n\t\t\t\t\t\t\t\tid=\"slider-8-slide-8-layer-0\" \n\t\t\t\t\t\t\t\tdata-type=\"image\"\n\t\t\t\t\t\t\t\tdata-rsp_ch=\"on\"\n\t\t\t\t\t\t\t\tdata-xy=\"xo:42px,42px,42px,15px;yo:36px,36px,36px,13px;\"\n\t\t\t\t\t\t\t\tdata-text=\"w:normal;s:20,20,20,7;l:0,0,0,9;\"\n\t\t\t\t\t\t\t\tdata-dim=\"w:820px,820px,820px,317px;h:696px,696px,696px,268px;\"\n\t\t\t\t\t\t\t\tdata-frame_999=\"o:0;st:w;\"\n\t\t\t\t\t\t\t\tstyle=\"z-index:6;\"\n\t\t\t\t\t\t\t><img src=\"\/\/mizuco.hr\/wp-content\/plugins\/revslider\/public\/assets\/assets\/dummy.png\" alt=\"\" class=\"tp-rs-img rs-lazyload\" width=\"1216\" height=\"1032\" data-lazyload=\"\/\/mizuco.hr\/wp-content\/uploads\/2023\/01\/Asset-13@2x-100.jpg\" data-no-retina> \n\t\t\t\t\t\t\t<\/rs-layer><!--\n\n\t\t\t\t\t\t\t--><rs-layer\n\t\t\t\t\t\t\t\tid=\"slider-8-slide-8-layer-2\" \n\t\t\t\t\t\t\t\tdata-type=\"text\"\n\t\t\t\t\t\t\t\tdata-color=\"#ffd100\"\n\t\t\t\t\t\t\t\tdata-rsp_ch=\"on\"\n\t\t\t\t\t\t\t\tdata-xy=\"xo:893px,893px,893px,344px;yo:30px,30px,30px,11px;\"\n\t\t\t\t\t\t\t\tdata-text=\"w:normal;s:50,50,50,19;l:49,49,49,18;fw:700;\"\n\t\t\t\t\t\t\t\tdata-dim=\"w:337px,337px,337px,130px;h:134px,134px,134px,51px;\"\n\t\t\t\t\t\t\t\tdata-frame_999=\"o:0;st:w;\"\n\t\t\t\t\t\t\t\tstyle=\"z-index:8;font-family:'Roboto Condensed';\"\n\t\t\t\t\t\t\t>Ventilski sustavi<br \/>\nProizvodne linije<br \/>\nZastupstvo \n\t\t\t\t\t\t\t<\/rs-layer><!--\n\n\t\t\t\t\t\t\t--><rs-layer\n\t\t\t\t\t\t\t\tid=\"slider-8-slide-8-layer-3\" \n\t\t\t\t\t\t\t\tdata-type=\"text\"\n\t\t\t\t\t\t\t\tdata-color=\"#636569\"\n\t\t\t\t\t\t\t\tdata-rsp_ch=\"on\"\n\t\t\t\t\t\t\t\tdata-xy=\"xo:31px,31px,31px,11px;yo:780px,780px,780px,301px;\"\n\t\t\t\t\t\t\t\tdata-text=\"w:normal;s:38,38,38,23;l:42,42,42,28;fw:300;\"\n\t\t\t\t\t\t\t\tdata-dim=\"w:1181px,1181px,1181px,456px;h:151px,151px,151px,auto;\"\n\t\t\t\t\t\t\t\tdata-frame_999=\"o:0;st:w;\"\n\t\t\t\t\t\t\t\tstyle=\"z-index:7;font-family:'Roboto Condensed';\"\n\t\t\t\t\t\t\t><b>MIZUCO<\/b> je specijaliziran za uvoz i distribuciju ventilskih sustava koje podr\u017eavaju proizvodne procese unutar razli\u010ditih industija - farmacetuska, prehrambena, biotehnolo\u0161ka i druge. \n\t\t\t\t\t\t\t<\/rs-layer><!--\n-->\t\t\t\t\t\t<\/rs-slide>\n\t\t\t\t\t<\/rs-slides>\n\t\t\t\t<\/rs-module>\n\t\t\t\t<script>\n\t\t\t\t\tsetREVStartSize({c: 'rev_slider_8_1',rl:[1240,1240,1240,480],el:[980,980,980,471],gw:[1240,1240,1240,480],gh:[980,980,980,471],type:'standard',justify:'',layout:'fullwidth',mh:\"0\"});if (window.RS_MODULES!==undefined && window.RS_MODULES.modules!==undefined && window.RS_MODULES.modules[\"revslider81\"]!==undefined) {window.RS_MODULES.modules[\"revslider81\"].once = false;window.revapi8 = undefined;if (window.RS_MODULES.checkMinimal!==undefined) window.RS_MODULES.checkMinimal()}\n\t\t\t\t<\/script>\n\t\t\t<\/rs-module-wrap>\n\t\t\t<!-- END REVOLUTION SLIDER -->\n[vc_row_inner][vc_column_inner width=&#8221;1\/3&#8243;][vc_single_image image=&#8221;200&#8243; img_size=&#8221;&#8221; alignment=&#8221;center&#8221; onclick=&#8221;custom_link&#8221; el_class=&#8221;sed&#8221; link=&#8221;#sed&#8221;][\/vc_column_inner][vc_column_inner width=&#8221;1\/3&#8243;][vc_single_image image=&#8221;202&#8243; img_size=&#8221;&#8221; alignment=&#8221;center&#8221; onclick=&#8221;custom_link&#8221; el_class=&#8221;adca&#8221; link=&#8221;#adca&#8221;][\/vc_column_inner][vc_column_inner width=&#8221;1\/3&#8243;][vc_single_image image=&#8221;203&#8243; img_size=&#8221;&#8221; alignment=&#8221;center&#8221; onclick=&#8221;custom_link&#8221; el_class=&#8221;adca_pure&#8221; link=&#8221;#adca_pure&#8221;][\/vc_column_inner][\/vc_row_inner][\/vc_column][\/vc_row][vc_row css=&#8221;.vc_custom_1676988083911{margin-top: 25px !important;}&#8221;][vc_column][vc_separator color=&#8221;custom&#8221; border_width=&#8221;4&#8243; accent_color=&#8221;#ffd100&#8243;][\/vc_column][\/vc_row][vc_row el_id=&#8221;sed&#8221;][vc_column]\n\t\t\t<!-- START SED REVOLUTION SLIDER 6.6.10 --><p class=\"rs-p-wp-fix\"><\/p>\n\t\t\t<rs-module-wrap id=\"rev_slider_9_2_wrapper\" data-source=\"gallery\" style=\"visibility:hidden;background:transparent;padding:0;margin:0px auto;margin-top:0;margin-bottom:0;\">\n\t\t\t\t<rs-module id=\"rev_slider_9_2\" style=\"\" data-version=\"6.6.10\">\n\t\t\t\t\t<rs-slides style=\"overflow: hidden; position: absolute;\">\n\t\t\t\t\t\t<rs-slide style=\"position: absolute;\" data-key=\"rs-9\" data-title=\"Slide\" data-in=\"o:0;\" data-out=\"a:false;\">\n\t\t\t\t\t\t\t<img src=\"\/\/mizuco.hr\/wp-content\/plugins\/revslider\/public\/assets\/assets\/dummy.png\" alt=\"Slide\" title=\"Ventilska tehnika\" class=\"rev-slidebg tp-rs-img rs-lazyload\" data-lazyload=\"\/\/mizuco.hr\/wp-content\/plugins\/revslider\/public\/assets\/assets\/transparent.png\" data-no-retina>\n<!--\n\t\t\t\t\t\t\t--><a\n\t\t\t\t\t\t\t\tid=\"slider-9-slide-9-layer-1\" \n\t\t\t\t\t\t\t\tclass=\"rs-layer\"\n\t\t\t\t\t\t\t\thref=\"https:\/\/sed.samsongroup.com\/en\/products-applications\/product-selector\/valves\/\" target=\"_blank\" rel=\"noopener\"\n\t\t\t\t\t\t\t\tdata-type=\"image\"\n\t\t\t\t\t\t\t\tdata-rsp_ch=\"on\"\n\t\t\t\t\t\t\t\tdata-xy=\"xo:15px,12px,9px,53px;yo:38px,31px,23px,29px;\"\n\t\t\t\t\t\t\t\tdata-text=\"w:normal;s:20,16,12,7;l:0,20,15,9;\"\n\t\t\t\t\t\t\t\tdata-dim=\"w:361px,298px,226px,372px;h:184px,151px,114px,189px;\"\n\t\t\t\t\t\t\t\tdata-frame_999=\"o:0;st:w;\"\n\t\t\t\t\t\t\t\tstyle=\"z-index:8;\"\n\t\t\t\t\t\t\t><img src=\"\/\/mizuco.hr\/wp-content\/plugins\/revslider\/public\/assets\/assets\/dummy.png\" alt=\"\" class=\"tp-rs-img rs-lazyload\" width=\"0\" height=\"0\" data-lazyload=\"\/\/mizuco.hr\/wp-content\/uploads\/2023\/02\/Asset-22.svg\" data-no-retina> \n\t\t\t\t\t\t\t<\/a><!--\n\n\t\t\t\t\t\t\t--><rs-layer\n\t\t\t\t\t\t\t\tid=\"slider-9-slide-9-layer-3\" \n\t\t\t\t\t\t\t\tdata-type=\"text\"\n\t\t\t\t\t\t\t\tdata-color=\"#636569\"\n\t\t\t\t\t\t\t\tdata-rsp_ch=\"on\"\n\t\t\t\t\t\t\t\tdata-xy=\"xo:435px,359px,272px,51px;yo:36px,29px,22px,256px;\"\n\t\t\t\t\t\t\t\tdata-text=\"w:normal;s:24,19,14,21;l:32,26,19,28;fw:300;\"\n\t\t\t\t\t\t\t\tdata-dim=\"w:785px,648px,492px,390px;\"\n\t\t\t\t\t\t\t\tdata-frame_999=\"o:0;st:w;\"\n\t\t\t\t\t\t\t\tstyle=\"z-index:7;font-family:'Roboto Condensed';\"\n\t\t\t\t\t\t\t><b>MIZUCO<\/b>  je distributer za Njema\u010dku tvrtku SED flow control GmbH koja proizvodi membranske ventile za farmaceutsku, biotehnolo\u0161ku i prehrambenu industriju. Od samog osnutka 1984.g. SED se opredijelio da razvoj i visoka tehnologija izrade ventila bude u fokusu kompanije. Zahvaljuju\u0107i tome 2017.g. SED je u\u0161ao u grupaciju Samson AG koja je jedna od vode\u0107ih europskih kompanija u digitalizaciji i automatizaciji procesa kroz ventilsku tehniku. \n\t\t\t\t\t\t\t<\/rs-layer><!--\n-->\t\t\t\t\t\t<\/rs-slide>\n\t\t\t\t\t<\/rs-slides>\n\t\t\t\t<\/rs-module>\n\t\t\t\t<script>\n\t\t\t\t\tsetREVStartSize({c: 'rev_slider_9_2',rl:[1240,1024,778,480],el:[260,768,960,558],gw:[1240,1024,778,480],gh:[260,768,960,558],type:'standard',justify:'',layout:'fullwidth',mh:\"0\"});if (window.RS_MODULES!==undefined && window.RS_MODULES.modules!==undefined && window.RS_MODULES.modules[\"revslider92\"]!==undefined) {window.RS_MODULES.modules[\"revslider92\"].once = false;window.revapi9 = undefined;if (window.RS_MODULES.checkMinimal!==undefined) window.RS_MODULES.checkMinimal()}\n\t\t\t\t<\/script>\n\t\t\t<\/rs-module-wrap>\n\t\t\t<!-- END REVOLUTION SLIDER -->\n[\/vc_column][\/vc_row][vc_row css=&#8221;.vc_custom_1676988783351{margin-top: 25px !important;margin-bottom: 25px !important;}&#8221;][vc_column][vc_raw_html]JTVCc3Bfd3BjYXJvdXNlbCUyMGlkJTNEJTIyMzU5JTIyJTVE[\/vc_raw_html][\/vc_column][\/vc_row][vc_row css=&#8221;.vc_custom_1676988083911{margin-top: 25px !important;}&#8221;][vc_column][vc_separator color=&#8221;custom&#8221; border_width=&#8221;4&#8243; accent_color=&#8221;#ffd100&#8243;][\/vc_column][\/vc_row][vc_row el_id=&#8221;adca&#8221;][vc_column]\n\t\t\t<!-- START ADCA REVOLUTION SLIDER 6.6.10 --><p class=\"rs-p-wp-fix\"><\/p>\n\t\t\t<rs-module-wrap id=\"rev_slider_11_3_wrapper\" data-source=\"gallery\" style=\"visibility:hidden;background:transparent;padding:0;margin:0px auto;margin-top:0;margin-bottom:0;\">\n\t\t\t\t<rs-module id=\"rev_slider_11_3\" style=\"\" data-version=\"6.6.10\">\n\t\t\t\t\t<rs-slides style=\"overflow: hidden; position: absolute;\">\n\t\t\t\t\t\t<rs-slide style=\"position: absolute;\" data-key=\"rs-11\" data-title=\"Slide\" data-in=\"o:0;\" data-out=\"a:false;\">\n\t\t\t\t\t\t\t<img src=\"\/\/mizuco.hr\/wp-content\/plugins\/revslider\/public\/assets\/assets\/dummy.png\" alt=\"Slide\" title=\"Ventilska tehnika\" class=\"rev-slidebg tp-rs-img rs-lazyload\" data-lazyload=\"\/\/mizuco.hr\/wp-content\/plugins\/revslider\/public\/assets\/assets\/transparent.png\" data-no-retina>\n<!--\n\t\t\t\t\t\t\t--><a\n\t\t\t\t\t\t\t\tid=\"slider-11-slide-11-layer-0\" \n\t\t\t\t\t\t\t\tclass=\"rs-layer\"\n\t\t\t\t\t\t\t\thref=\"https:\/\/www.valsteam.com\/en\/products\/adca\" target=\"_blank\" rel=\"noopener\"\n\t\t\t\t\t\t\t\tdata-type=\"image\"\n\t\t\t\t\t\t\t\tdata-rsp_ch=\"on\"\n\t\t\t\t\t\t\t\tdata-xy=\"xo:731px,603px,458px,34px;yo:43px,35px,26px,34px;\"\n\t\t\t\t\t\t\t\tdata-text=\"w:normal;s:20,16,12,7;l:0,20,15,9;\"\n\t\t\t\t\t\t\t\tdata-dim=\"w:500px,412px,313px,414px;h:175px,144px,109px,145px;\"\n\t\t\t\t\t\t\t\tdata-frame_999=\"o:0;st:w;\"\n\t\t\t\t\t\t\t\tstyle=\"z-index:8;\"\n\t\t\t\t\t\t\t><img src=\"\/\/mizuco.hr\/wp-content\/plugins\/revslider\/public\/assets\/assets\/dummy.png\" alt=\"\" class=\"tp-rs-img rs-lazyload\" width=\"0\" height=\"0\" data-lazyload=\"\/\/mizuco.hr\/wp-content\/uploads\/2023\/02\/Asset-36.svg\" data-no-retina> \n\t\t\t\t\t\t\t<\/a><!--\n\n\t\t\t\t\t\t\t--><rs-layer\n\t\t\t\t\t\t\t\tid=\"slider-11-slide-11-layer-3\" \n\t\t\t\t\t\t\t\tdata-type=\"text\"\n\t\t\t\t\t\t\t\tdata-color=\"#636569\"\n\t\t\t\t\t\t\t\tdata-rsp_ch=\"on\"\n\t\t\t\t\t\t\t\tdata-xy=\"xo:27px,22px,16px,43px;yo:36px,29px,22px,213px;\"\n\t\t\t\t\t\t\t\tdata-text=\"w:normal;s:24,19,14,21;l:32,26,19,28;fw:300;\"\n\t\t\t\t\t\t\t\tdata-dim=\"w:691px,570px,433px,384px;\"\n\t\t\t\t\t\t\t\tdata-frame_999=\"o:0;st:w;\"\n\t\t\t\t\t\t\t\tstyle=\"z-index:7;font-family:'Roboto Condensed';\"\n\t\t\t\t\t\t\t>Zastupamo Portugalsku tvrtku <b>Valsteam Adca<\/b> koja se bavi proizvodnjom ventila za: paru, industrijske plinove i fluide za razli\u010dite industrije. U programu su odvaja\u010di kondenzata, regulacijski ventili za paru, razna oprema za cjevovode (nepovratni ventili, vacuum breakeri, inspekcijska stakle \u2026itd.). Na zahtjev kupca se mo\u017ee isporu\u010diti i specijalna oprema poput parnih injektora, hladnjaka, odvla\u017eiva\u010da, izmjenjiva\u010da topline \u2026itd.) \n\t\t\t\t\t\t\t<\/rs-layer><!--\n-->\t\t\t\t\t\t<\/rs-slide>\n\t\t\t\t\t<\/rs-slides>\n\t\t\t\t<\/rs-module>\n\t\t\t\t<script>\n\t\t\t\t\tsetREVStartSize({c: 'rev_slider_11_3',rl:[1240,1024,778,480],el:[260,768,960,530],gw:[1240,1024,778,480],gh:[260,768,960,530],type:'standard',justify:'',layout:'fullwidth',mh:\"0\"});if (window.RS_MODULES!==undefined && window.RS_MODULES.modules!==undefined && window.RS_MODULES.modules[\"revslider113\"]!==undefined) {window.RS_MODULES.modules[\"revslider113\"].once = false;window.revapi11 = undefined;if (window.RS_MODULES.checkMinimal!==undefined) window.RS_MODULES.checkMinimal()}\n\t\t\t\t<\/script>\n\t\t\t<\/rs-module-wrap>\n\t\t\t<!-- END REVOLUTION SLIDER -->\n[\/vc_column][\/vc_row][vc_row css=&#8221;.vc_custom_1676988783351{margin-top: 25px !important;margin-bottom: 25px !important;}&#8221;][vc_column][vc_raw_html]JTVCc3Bfd3BjYXJvdXNlbCUyMGlkJTNEJTIyMzcxJTIyJTVE[\/vc_raw_html][\/vc_column][\/vc_row][vc_row css=&#8221;.vc_custom_1676988083911{margin-top: 25px !important;}&#8221;][vc_column][vc_separator color=&#8221;custom&#8221; border_width=&#8221;4&#8243; accent_color=&#8221;#ffd100&#8243;][\/vc_column][\/vc_row][vc_row el_id=&#8221;adca_pure&#8221;][vc_column]\n\t\t\t<!-- START ADCA\/PURE REVOLUTION SLIDER 6.6.10 --><p class=\"rs-p-wp-fix\"><\/p>\n\t\t\t<rs-module-wrap id=\"rev_slider_12_4_wrapper\" data-source=\"gallery\" style=\"visibility:hidden;background:transparent;padding:0;margin:0px auto;margin-top:0;margin-bottom:0;\">\n\t\t\t\t<rs-module id=\"rev_slider_12_4\" style=\"\" data-version=\"6.6.10\">\n\t\t\t\t\t<rs-slides style=\"overflow: hidden; position: absolute;\">\n\t\t\t\t\t\t<rs-slide style=\"position: absolute;\" data-key=\"rs-12\" data-title=\"Slide\" data-in=\"o:0;\" data-out=\"a:false;\">\n\t\t\t\t\t\t\t<img src=\"\/\/mizuco.hr\/wp-content\/plugins\/revslider\/public\/assets\/assets\/dummy.png\" alt=\"Slide\" title=\"Ventilska tehnika\" class=\"rev-slidebg tp-rs-img rs-lazyload\" data-lazyload=\"\/\/mizuco.hr\/wp-content\/plugins\/revslider\/public\/assets\/assets\/transparent.png\" data-no-retina>\n<!--\n\t\t\t\t\t\t\t--><a\n\t\t\t\t\t\t\t\tid=\"slider-12-slide-12-layer-0\" \n\t\t\t\t\t\t\t\tclass=\"rs-layer\"\n\t\t\t\t\t\t\t\thref=\"https:\/\/www.valsteam.com\/en\/products\/adcapure\" target=\"_blank\" rel=\"noopener\"\n\t\t\t\t\t\t\t\tdata-type=\"image\"\n\t\t\t\t\t\t\t\tdata-rsp_ch=\"on\"\n\t\t\t\t\t\t\t\tdata-xy=\"xo:726px,599px,455px,59px;yo:31px,25px,18px,29px;\"\n\t\t\t\t\t\t\t\tdata-text=\"w:normal;s:20,16,12,7;l:0,20,15,9;\"\n\t\t\t\t\t\t\t\tdata-dim=\"w:475px,392px,297px,351px;h:343px,283px,215px,253px;\"\n\t\t\t\t\t\t\t\tdata-frame_999=\"o:0;st:w;\"\n\t\t\t\t\t\t\t\tstyle=\"z-index:8;\"\n\t\t\t\t\t\t\t><img src=\"\/\/mizuco.hr\/wp-content\/plugins\/revslider\/public\/assets\/assets\/dummy.png\" alt=\"\" class=\"tp-rs-img rs-lazyload\" width=\"0\" height=\"0\" data-lazyload=\"\/\/mizuco.hr\/wp-content\/uploads\/2023\/02\/Asset-35.svg\" data-no-retina> \n\t\t\t\t\t\t\t<\/a><!--\n\n\t\t\t\t\t\t\t--><rs-layer\n\t\t\t\t\t\t\t\tid=\"slider-12-slide-12-layer-3\" \n\t\t\t\t\t\t\t\tdata-type=\"text\"\n\t\t\t\t\t\t\t\tdata-color=\"#636569\"\n\t\t\t\t\t\t\t\tdata-rsp_ch=\"on\"\n\t\t\t\t\t\t\t\tdata-xy=\"xo:24px,19px,14px,51px;yo:31px,25px,18px,306px;\"\n\t\t\t\t\t\t\t\tdata-text=\"w:normal;s:24,19,14,21;l:32,26,19,28;fw:300;\"\n\t\t\t\t\t\t\t\tdata-dim=\"w:683px,564px,428px,386px;\"\n\t\t\t\t\t\t\t\tdata-frame_999=\"o:0;st:w;\"\n\t\t\t\t\t\t\t\tstyle=\"z-index:7;font-family:'Roboto Condensed';\"\n\t\t\t\t\t\t\t><b>Adca Pure<\/b> program pokriva proces s visokim zahtjevom za \u010disto\u0107om npr. dio \u010diste pare u farmaceustskoj, prehrambenoj, kozmeti\u010dkoj i kemijskoj industriji. U ponudi su odvaja\u010di kondenzata, regulatori tlaka pare, sigurnosni ventili, regulacijski ventili za tlak, temperaturu, nivoa te razni ventili za cjevovode (kuglasti, nepovratni, inspekcijska stakla \u2026.itd). Na zahtjev kupca se mo\u017ee isporu\u010diti i specijalna oprema poput filtera za paru, hladnjaka, odvla\u017eiva\u010da pare, izmjenjiva\u010da topline \u2026itd.)<br \/>\n \n\t\t\t\t\t\t\t<\/rs-layer><!--\n-->\t\t\t\t\t\t<\/rs-slide>\n\t\t\t\t\t<\/rs-slides>\n\t\t\t\t<\/rs-module>\n\t\t\t\t<script>\n\t\t\t\t\tsetREVStartSize({c: 'rev_slider_12_4',rl:[1240,1024,778,480],el:[400,768,960,641],gw:[1240,1024,778,480],gh:[400,768,960,641],type:'standard',justify:'',layout:'fullwidth',mh:\"0\"});if (window.RS_MODULES!==undefined && window.RS_MODULES.modules!==undefined && window.RS_MODULES.modules[\"revslider124\"]!==undefined) {window.RS_MODULES.modules[\"revslider124\"].once = false;window.revapi12 = undefined;if (window.RS_MODULES.checkMinimal!==undefined) window.RS_MODULES.checkMinimal()}\n\t\t\t\t<\/script>\n\t\t\t<\/rs-module-wrap>\n\t\t\t<!-- END REVOLUTION SLIDER -->\n[\/vc_column][\/vc_row][vc_row css=&#8221;.vc_custom_1676988783351{margin-top: 25px !important;margin-bottom: 25px !important;}&#8221;][vc_column][vc_raw_html]JTVCc3Bfd3BjYXJvdXNlbCUyMGlkJTNEJTIyMzczJTIyJTVE[\/vc_raw_html][\/vc_column][\/vc_row][vc_row css=&#8221;.vc_custom_1676988083911{margin-top: 25px !important;}&#8221;][vc_column][vc_separator color=&#8221;custom&#8221; border_width=&#8221;4&#8243; accent_color=&#8221;#ffd100&#8243;][\/vc_column][\/vc_row][vc_row][vc_column][vc_empty_space height=&#8221;100px&#8221;]\n<div class=\"wpcf7 no-js\" id=\"wpcf7-f148-o1\" lang=\"en-US\" dir=\"ltr\">\n<div class=\"screen-reader-response\"><p role=\"status\" aria-live=\"polite\" aria-atomic=\"true\"><\/p> <ul><\/ul><\/div>\n<form action=\"\/index.php\/wp-json\/wp\/v2\/pages\/33#wpcf7-f148-o1\" method=\"post\" class=\"wpcf7-form init\" aria-label=\"Contact form\" novalidate=\"novalidate\" data-status=\"init\">\n<div style=\"display: none;\">\n<input type=\"hidden\" name=\"_wpcf7\" value=\"148\" \/>\n<input type=\"hidden\" name=\"_wpcf7_version\" value=\"5.7.3\" \/>\n<input type=\"hidden\" name=\"_wpcf7_locale\" value=\"en_US\" \/>\n<input type=\"hidden\" name=\"_wpcf7_unit_tag\" value=\"wpcf7-f148-o1\" \/>\n<input type=\"hidden\" name=\"_wpcf7_container_post\" value=\"0\" \/>\n<input type=\"hidden\" name=\"_wpcf7_posted_data_hash\" value=\"\" \/>\n<\/div>\n<h2 style=\"color: #ffd100;\">Pitajte Nas\n<\/h2>\n<p><label><br \/>\n<span class=\"wpcf7-form-control-wrap\" data-name=\"your-name\"><input size=\"40\" class=\"wpcf7-form-control wpcf7-text wpcf7-validates-as-required\" aria-required=\"true\" aria-invalid=\"false\" placeholder=\"Ime i Prezime\" value=\"\" type=\"text\" name=\"your-name\" \/><\/span> <\/label>\n<\/p>\n<p><label><br \/>\n<span class=\"wpcf7-form-control-wrap\" data-name=\"text-674\"><input size=\"40\" class=\"wpcf7-form-control wpcf7-text wpcf7-validates-as-required\" aria-required=\"true\" aria-invalid=\"false\" placeholder=\"Telefon\" value=\"\" type=\"text\" name=\"text-674\" \/><\/span> <\/label>\n<\/p>\n<p><label><br \/>\n<span class=\"wpcf7-form-control-wrap\" data-name=\"your-email\"><input size=\"40\" class=\"wpcf7-form-control wpcf7-text wpcf7-email wpcf7-validates-as-required wpcf7-validates-as-email\" aria-required=\"true\" aria-invalid=\"false\" placeholder=\"Email\" value=\"\" type=\"email\" name=\"your-email\" \/><\/span> <\/label>\n<\/p>\n<p><label><br \/>\n<span class=\"wpcf7-form-control-wrap\" data-name=\"your-message\"><textarea cols=\"40\" rows=\"10\" class=\"wpcf7-form-control wpcf7-textarea\" aria-invalid=\"false\" placeholder=\"Poruka\" name=\"your-message\"><\/textarea><\/span> <\/label>\n<\/p>\n<p><input class=\"wpcf7-form-control has-spinner wpcf7-submit\" type=\"submit\" value=\"PO\u0160ALJI\" \/>\n<\/p><div class=\"wpcf7-response-output\" aria-hidden=\"true\"><\/div>\n<\/form>\n<\/div>\n[\/vc_column][\/vc_row][vc_row][vc_column][vc_empty_space height=&#8221;150px&#8221;][\/vc_column][\/vc_row][vc_row][vc_column][vc_column_text]<img decoding=\"async\" loading=\"lazy\" class=\"razmak alignnone wp-image-271\" src=\"http:\/\/mizuco.hr\/wp-content\/uploads\/2023\/02\/Asset-36-2.svg\" alt=\"\" width=\"191\" height=\"43\" \/>\u00a0 \u00a0 \u00a0 \u00a0 \u00a0 \u00a0 <a href=\"https:\/\/www.linkedin.com\/in\/marijan-zuvela-92101632\/\" target=\"_blank\" rel=\"noopener\"><img decoding=\"async\" loading=\"lazy\" class=\"razmak alignnone wp-image-277\" src=\"http:\/\/mizuco.hr\/wp-content\/uploads\/2023\/02\/Asset-37-1.svg\" alt=\"\" width=\"138\" height=\"32\" \/><\/a>\u00a0 \u00a0 \u00a0 \u00a0 <a href=\"https:\/\/www.linkedin.com\/in\/andrea-mi%C5%A1ura-%C5%BEuvela-5947732\/\" target=\"_blank\" rel=\"noopener\"><img decoding=\"async\" loading=\"lazy\" class=\"razmak alignnone wp-image-278\" src=\"http:\/\/mizuco.hr\/wp-content\/uploads\/2023\/02\/Asset-38.svg\" alt=\"\" width=\"187\" height=\"32\" \/><\/a>[\/vc_column_text][vc_empty_space][\/vc_column][\/vc_row]<\/p>\n<\/section>","protected":false},"excerpt":{"rendered":"<p>[vc_row][vc_column][vc_row_inner][vc_column_inner width=&#8221;1\/3&#8243;][vc_single_image image=&#8221;200&#8243; img_size=&#8221;&#8221; alignment=&#8221;center&#8221; onclick=&#8221;custom_link&#8221; el_class=&#8221;sed&#8221; link=&#8221;#sed&#8221;][\/vc_column_inner][vc_column_inner width=&#8221;1\/3&#8243;][vc_single_image image=&#8221;202&#8243; img_size=&#8221;&#8221; alignment=&#8221;center&#8221; onclick=&#8221;custom_link&#8221; el_class=&#8221;adca&#8221; link=&#8221;#adca&#8221;][\/vc_column_inner][vc_column_inner width=&#8221;1\/3&#8243;][vc_single_image image=&#8221;203&#8243; img_size=&#8221;&#8221; alignment=&#8221;center&#8221; onclick=&#8221;custom_link&#8221; el_class=&#8221;adca_pure&#8221; link=&#8221;#adca_pure&#8221;][\/vc_column_inner][\/vc_row_inner][\/vc_column][\/vc_row][vc_row css=&#8221;.vc_custom_1676988083911{margin-top: 25px !important;}&#8221;][vc_column][vc_separator color=&#8221;custom&#8221; border_width=&#8221;4&#8243; accent_color=&#8221;#ffd100&#8243;][\/vc_column][\/vc_row][vc_row el_id=&#8221;sed&#8221;][vc_column][\/vc_column][\/vc_row][vc_row css=&#8221;.vc_custom_1676988783351{margin-top: 25px !important;margin-bottom: 25px !important;}&#8221;][vc_column][vc_raw_html]JTVCc3Bfd3BjYXJvdXNlbCUyMGlkJTNEJTIyMzU5JTIyJTVE[\/vc_raw_html][\/vc_column][\/vc_row][vc_row css=&#8221;.vc_custom_1676988083911{margin-top: 25px !important;}&#8221;][vc_column][vc_separator color=&#8221;custom&#8221; border_width=&#8221;4&#8243; accent_color=&#8221;#ffd100&#8243;][\/vc_column][\/vc_row][vc_row el_id=&#8221;adca&#8221;][vc_column][\/vc_column][\/vc_row][vc_row css=&#8221;.vc_custom_1676988783351{margin-top: 25px !important;margin-bottom: 25px !important;}&#8221;][vc_column][vc_raw_html]JTVCc3Bfd3BjYXJvdXNlbCUyMGlkJTNEJTIyMzcxJTIyJTVE[\/vc_raw_html][\/vc_column][\/vc_row][vc_row css=&#8221;.vc_custom_1676988083911{margin-top: 25px !important;}&#8221;][vc_column][vc_separator color=&#8221;custom&#8221; border_width=&#8221;4&#8243; accent_color=&#8221;#ffd100&#8243;][\/vc_column][\/vc_row][vc_row el_id=&#8221;adca_pure&#8221;][vc_column][\/vc_column][\/vc_row][vc_row css=&#8221;.vc_custom_1676988783351{margin-top: 25px&hellip; <a class=\"more-link\" href=\"https:\/\/mizuco.hr\/index.php\/ventilska-tehnika\/\">Continue reading <span class=\"screen-reader-text\">Ventilska tehnika<\/span><\/a><\/p>\n","protected":false},"author":1,"featured_media":0,"parent":0,"menu_order":0,"comment_status":"closed","ping_status":"closed","template":"","meta":{"inline_featured_image":false},"_links":{"self":[{"href":"https:\/\/mizuco.hr\/index.php\/wp-json\/wp\/v2\/pages\/33"}],"collection":[{"href":"https:\/\/mizuco.hr\/index.php\/wp-json\/wp\/v2\/pages"}],"about":[{"href":"https:\/\/mizuco.hr\/index.php\/wp-json\/wp\/v2\/types\/page"}],"author":[{"embeddable":true,"href":"https:\/\/mizuco.hr\/index.php\/wp-json\/wp\/v2\/users\/1"}],"replies":[{"embeddable":true,"href":"https:\/\/mizuco.hr\/index.php\/wp-json\/wp\/v2\/comments?post=33"}],"version-history":[{"count":62,"href":"https:\/\/mizuco.hr\/index.php\/wp-json\/wp\/v2\/pages\/33\/revisions"}],"predecessor-version":[{"id":524,"href":"https:\/\/mizuco.hr\/index.php\/wp-json\/wp\/v2\/pages\/33\/revisions\/524"}],"wp:attachment":[{"href":"https:\/\/mizuco.hr\/index.php\/wp-json\/wp\/v2\/media?parent=33"}],"curies":[{"name":"wp","href":"https:\/\/api.w.org\/{rel}","templated":true}]}}